{"id":84,"date":"2026-02-24T15:27:36","date_gmt":"2026-02-24T15:27:36","guid":{"rendered":"https:\/\/gestionenelestado.org\/?page_id=84"},"modified":"2026-04-05T07:01:38","modified_gmt":"2026-04-05T07:01:38","slug":"inicio","status":"publish","type":"page","link":"https:\/\/gestionenelestado.org\/","title":{"rendered":"Introducci\u00f3n a la Gesti\u00f3n P\u00fablica"},"content":{"rendered":"<div class=\"wp-block-image\">\n<figure class=\"alignleft size-large is-resized\"><img loading=\"lazy\" decoding=\"async\" width=\"683\" height=\"1024\" src=\"https:\/\/gestionenelestado.org\/wp-content\/uploads\/2026\/02\/nueva-portada-683x1024.png\" alt=\"\" class=\"wp-image-183\" style=\"aspect-ratio:0.6669946772822829;width:437px;height:auto\" srcset=\"https:\/\/gestionenelestado.org\/wp-content\/uploads\/2026\/02\/nueva-portada-683x1024.png 683w, https:\/\/gestionenelestado.org\/wp-content\/uploads\/2026\/02\/nueva-portada-200x300.png 200w, https:\/\/gestionenelestado.org\/wp-content\/uploads\/2026\/02\/nueva-portada-768x1152.png 768w, https:\/\/gestionenelestado.org\/wp-content\/uploads\/2026\/02\/nueva-portada.png 1024w\" sizes=\"auto, (max-width: 683px) 100vw, 683px\" \/><\/figure>\n<\/div>\n\n\n<p class=\"has-drop-cap\">El libro <em><strong>Introducci\u00f3n a la Gesti\u00f3n P\u00fablica<\/strong><\/em>, <em>Un Estado al Servicio de la Ciudadan\u00eda<\/em>, publicado en 2021 por la editorial Penguin Random House y que hoy ponemos a disposici\u00f3n de cualquier persona, es una invitaci\u00f3n a mirar el Estado sin caricaturas ni tecnocracias ingenuas. A lo largo de sus cap\u00edtulos \u2014escritos por acad\u00e9micos y practitioners del <a href=\"https:\/\/www.sistemaspublicos.cl\/\">Centro de Sistemas P\u00fablicos <\/a>de la Universidad de Chile\u2014 el libro explora c\u00f3mo se toman decisiones p\u00fablicas, c\u00f3mo se gestionan organizaciones complejas y c\u00f3mo se crea (o se destruye) valor p\u00fablico en contextos de restricciones pol\u00edticas, presupuestarias y culturales. No es un manual de recetas, sino un mapa para entender tensiones reales: liderazgo versus burocracia, innovaci\u00f3n versus control, estrategia versus contingencia. Con un lenguaje claro pero exigente, combina teor\u00eda, experiencia comparada y casos latinoamericanos para ofrecer una mirada cr\u00edtica y actual sobre la modernizaci\u00f3n del Estado. Es, en el fondo, una gu\u00eda para quienes quieren comprender \u2014y transformar\u2014 la gesti\u00f3n p\u00fablica desde dentro.<\/p>\n\n\n\n<p><br><\/p>\n\n\n\n<p class=\"has-drop-cap\"><br><\/p>\n\n\n\n<figure class=\"wp-block-pullquote\"><blockquote><p>\u201cLa gesti\u00f3n p\u00fablica no es solo administraci\u00f3n: es liderazgo, estrategia, coordinaci\u00f3n y creaci\u00f3n de valor p\u00fablico. En sus p\u00e1ginas, este libro conecta teor\u00eda y realidad para mostrar que transformar el Estado es dif\u00edcil, pero posible. Una lectura indispensable para quienes no se conforman con criticar lo p\u00fablico, sino que buscan comprenderlo y mejorarlo.\u201d<\/p><cite>Luis Alberto Moreno<br>Presidente del Banco Interamericano de Desarrollo<br>2019<\/cite><\/blockquote><\/figure>\n\n\n\n<p><br><br><br><\/p>\n\n\n\n<h2 class=\"wp-block-heading\">Las secciones de este sitio:<\/h2>\n\n\n\n<p><\/p>\n\n\n\n<ul class=\"wp-block-list has-medium-font-size\">\n<li><a href=\"https:\/\/gestionenelestado.org\/index.php\/descarga\/\">El Libro<\/a>: podr\u00e1s descargar en libro completo o bien cada cap\u00edtulo por separado<\/li>\n\n\n\n<li><a href=\"https:\/\/gestionenelestado.org\/index.php\/autores\/\">Autores<\/a>: Una breve biograf\u00eda de los editores y autores del libro<\/li>\n\n\n\n<li><a href=\"https:\/\/gestionenelestado.org\/index.php\/contacto\/\">Contacto<\/a>: Un formulario de contacto en caso de que quieras contactarnos, realizar observaciones o comentarios<\/li>\n<\/ul>\n\n\n\n<p><br><br><br><\/p>\n\n\n\n<p><br><br><br><br><\/p>\n\n\n\n<p class=\"has-small-font-size\">Todos los contenidos de este sitio y del libro se distribuyen bajo la licencia <strong><a href=\"https:\/\/creativecommons.org\/licenses\/by-nc\/4.0\/\">Creative Commons Atribuci\u00f3n\u2013NoComercial 4.0 Internacional (CC BY-NC 4.0)<\/a><\/strong>.   Usted es libre de compartir (copiar y redistribuir) y adaptar (remezclar, transformar y construir a partir del material), siempre que otorgue el cr\u00e9dito correspondiente a los autores y no utilice el material con fines comerciales.<\/p>\n\n\n\n<p><\/p>\n<div class=\"pvc_clear\"><\/div><p id=\"pvc_stats_84\" class=\"pvc_stats all  \" data-element-id=\"84\" style=\"\"><i class=\"pvc-stats-icon small\" aria-hidden=\"true\"><svg aria-hidden=\"true\" focusable=\"false\" data-prefix=\"far\" data-icon=\"chart-bar\" role=\"img\" xmlns=\"http:\/\/www.w3.org\/2000\/svg\" viewBox=\"0 0 512 512\" class=\"svg-inline--fa fa-chart-bar fa-w-16 fa-2x\"><path fill=\"currentColor\" d=\"M396.8 352h22.4c6.4 0 12.8-6.4 12.8-12.8V108.8c0-6.4-6.4-12.8-12.8-12.8h-22.4c-6.4 0-12.8 6.4-12.8 12.8v230.4c0 6.4 6.4 12.8 12.8 12.8zm-192 0h22.4c6.4 0 12.8-6.4 12.8-12.8V140.8c0-6.4-6.4-12.8-12.8-12.8h-22.4c-6.4 0-12.8 6.4-12.8 12.8v198.4c0 6.4 6.4 12.8 12.8 12.8zm96 0h22.4c6.4 0 12.8-6.4 12.8-12.8V204.8c0-6.4-6.4-12.8-12.8-12.8h-22.4c-6.4 0-12.8 6.4-12.8 12.8v134.4c0 6.4 6.4 12.8 12.8 12.8zM496 400H48V80c0-8.84-7.16-16-16-16H16C7.16 64 0 71.16 0 80v336c0 17.67 14.33 32 32 32h464c8.84 0 16-7.16 16-16v-16c0-8.84-7.16-16-16-16zm-387.2-48h22.4c6.4 0 12.8-6.4 12.8-12.8v-70.4c0-6.4-6.4-12.8-12.8-12.8h-22.4c-6.4 0-12.8 6.4-12.8 12.8v70.4c0 6.4 6.4 12.8 12.8 12.8z\" class=\"\"><\/path><\/svg><\/i> <img loading=\"lazy\" decoding=\"async\" width=\"16\" height=\"16\" alt=\"Loading\" src=\"https:\/\/gestionenelestado.org\/wp-content\/plugins\/page-views-count\/ajax-loader-2x.gif\" border=0 \/><\/p><div class=\"pvc_clear\"><\/div>","protected":false},"excerpt":{"rendered":"<p>El libro Introducci\u00f3n a la Gesti\u00f3n P\u00fablica, Un Estado al Servicio de la Ciudadan\u00eda, publicado en 2021 por la editorial Penguin Random House y que hoy ponemos a disposici\u00f3n de cualquier persona, es una invitaci\u00f3n a mirar el Estado sin caricaturas ni tecnocracias ingenuas. A lo largo de sus cap\u00edtulos \u2014escritos por acad\u00e9micos y practitioners [&hellip;]<\/p>\n<div class=\"pvc_clear\"><\/div>\n<p id=\"pvc_stats_84\" class=\"pvc_stats all  \" data-element-id=\"84\" style=\"\"><i class=\"pvc-stats-icon small\" aria-hidden=\"true\"><svg aria-hidden=\"true\" focusable=\"false\" data-prefix=\"far\" data-icon=\"chart-bar\" role=\"img\" xmlns=\"http:\/\/www.w3.org\/2000\/svg\" viewBox=\"0 0 512 512\" class=\"svg-inline--fa fa-chart-bar fa-w-16 fa-2x\"><path fill=\"currentColor\" d=\"M396.8 352h22.4c6.4 0 12.8-6.4 12.8-12.8V108.8c0-6.4-6.4-12.8-12.8-12.8h-22.4c-6.4 0-12.8 6.4-12.8 12.8v230.4c0 6.4 6.4 12.8 12.8 12.8zm-192 0h22.4c6.4 0 12.8-6.4 12.8-12.8V140.8c0-6.4-6.4-12.8-12.8-12.8h-22.4c-6.4 0-12.8 6.4-12.8 12.8v198.4c0 6.4 6.4 12.8 12.8 12.8zm96 0h22.4c6.4 0 12.8-6.4 12.8-12.8V204.8c0-6.4-6.4-12.8-12.8-12.8h-22.4c-6.4 0-12.8 6.4-12.8 12.8v134.4c0 6.4 6.4 12.8 12.8 12.8zM496 400H48V80c0-8.84-7.16-16-16-16H16C7.16 64 0 71.16 0 80v336c0 17.67 14.33 32 32 32h464c8.84 0 16-7.16 16-16v-16c0-8.84-7.16-16-16-16zm-387.2-48h22.4c6.4 0 12.8-6.4 12.8-12.8v-70.4c0-6.4-6.4-12.8-12.8-12.8h-22.4c-6.4 0-12.8 6.4-12.8 12.8v70.4c0 6.4 6.4 12.8 12.8 12.8z\" class=\"\"><\/path><\/svg><\/i> <img loading=\"lazy\" decoding=\"async\" width=\"16\" height=\"16\" alt=\"Loading\" src=\"https:\/\/gestionenelestado.org\/wp-content\/plugins\/page-views-count\/ajax-loader-2x.gif\" border=0 \/><\/p>\n<div class=\"pvc_clear\"><\/div>\n","protected":false},"author":1,"featured_media":0,"parent":0,"menu_order":0,"comment_status":"closed","ping_status":"closed","template":"","meta":{"footnotes":""},"class_list":["post-84","page","type-page","status-publish","hentry"],"_links":{"self":[{"href":"https:\/\/gestionenelestado.org\/index.php\/wp-json\/wp\/v2\/pages\/84","targetHints":{"allow":["GET"]}}],"collection":[{"href":"https:\/\/gestionenelestado.org\/index.php\/wp-json\/wp\/v2\/pages"}],"about":[{"href":"https:\/\/gestionenelestado.org\/index.php\/wp-json\/wp\/v2\/types\/page"}],"author":[{"embeddable":true,"href":"https:\/\/gestionenelestado.org\/index.php\/wp-json\/wp\/v2\/users\/1"}],"replies":[{"embeddable":true,"href":"https:\/\/gestionenelestado.org\/index.php\/wp-json\/wp\/v2\/comments?post=84"}],"version-history":[{"count":25,"href":"https:\/\/gestionenelestado.org\/index.php\/wp-json\/wp\/v2\/pages\/84\/revisions"}],"predecessor-version":[{"id":306,"href":"https:\/\/gestionenelestado.org\/index.php\/wp-json\/wp\/v2\/pages\/84\/revisions\/306"}],"wp:attachment":[{"href":"https:\/\/gestionenelestado.org\/index.php\/wp-json\/wp\/v2\/media?parent=84"}],"curies":[{"name":"wp","href":"https:\/\/api.w.org\/{rel}","templated":true}]}}